{"id":1541,"date":"2026-02-02T07:06:04","date_gmt":"2026-02-02T07:06:04","guid":{"rendered":"https:\/\/www.educaludo.com\/es\/?post_type=product&#038;p=1541"},"modified":"2026-02-08T06:48:30","modified_gmt":"2026-02-08T06:48:30","slug":"animalitos-super-adroables-division","status":"publish","type":"product","link":"https:\/\/www.educaludo.com\/es\/recurso\/animalitos-super-adroables-division","title":{"rendered":"Animalitos s\u00faper adroables: Divisi\u00f3n- hasta 3 d\u00edgitos"},"content":{"rendered":"","protected":false},"excerpt":{"rendered":"","protected":false},"featured_media":1542,"comment_status":"open","ping_status":"closed","template":"","meta":[],"product_brand":[],"product_cat":[25],"product_tag":[],"class_list":{"0":"post-1541","1":"product","2":"type-product","3":"status-publish","4":"has-post-thumbnail","6":"product_cat-e","7":"edl_universo-animales-super-adorables-final","9":"first","10":"instock","11":"sale","12":"downloadable","13":"virtual","14":"sold-individually","15":"taxable","16":"purchasable","17":"product-type-simple"},"_links":{"self":[{"href":"https:\/\/www.educaludo.com\/es\/wp-json\/wp\/v2\/product\/1541","targetHints":{"allow":["GET"]}}],"collection":[{"href":"https:\/\/www.educaludo.com\/es\/wp-json\/wp\/v2\/product"}],"about":[{"href":"https:\/\/www.educaludo.com\/es\/wp-json\/wp\/v2\/types\/product"}],"replies":[{"embeddable":true,"href":"https:\/\/www.educaludo.com\/es\/wp-json\/wp\/v2\/comments?post=1541"}],"wp:featuredmedia":[{"embeddable":true,"href":"https:\/\/www.educaludo.com\/es\/wp-json\/wp\/v2\/media\/1542"}],"wp:attachment":[{"href":"https:\/\/www.educaludo.com\/es\/wp-json\/wp\/v2\/media?parent=1541"}],"wp:term":[{"taxonomy":"product_brand","embeddable":true,"href":"https:\/\/www.educaludo.com\/es\/wp-json\/wp\/v2\/product_brand?post=1541"},{"taxonomy":"product_cat","embeddable":true,"href":"https:\/\/www.educaludo.com\/es\/wp-json\/wp\/v2\/product_cat?post=1541"},{"taxonomy":"product_tag","embeddable":true,"href":"https:\/\/www.educaludo.com\/es\/wp-json\/wp\/v2\/product_tag?post=1541"}],"curies":[{"name":"wp","href":"https:\/\/api.w.org\/{rel}","templated":true}]}}