{"id":1537,"date":"2026-02-02T07:00:30","date_gmt":"2026-02-02T07:00:30","guid":{"rendered":"https:\/\/www.educaludo.com\/es\/?post_type=product&#038;p=1537"},"modified":"2026-02-08T06:48:47","modified_gmt":"2026-02-08T06:48:47","slug":"animalitos-super-adorables-multiplicacion","status":"publish","type":"product","link":"https:\/\/www.educaludo.com\/es\/recurso\/animalitos-super-adorables-multiplicacion","title":{"rendered":"Animalitos s\u00faper adorables: Multiplicaci\u00f3n (hasta dos d\u00edgitos)"},"content":{"rendered":"","protected":false},"excerpt":{"rendered":"","protected":false},"featured_media":1539,"comment_status":"open","ping_status":"closed","template":"","meta":[],"product_brand":[],"product_cat":[25],"product_tag":[],"class_list":{"0":"post-1537","1":"product","2":"type-product","3":"status-publish","4":"has-post-thumbnail","6":"product_cat-e","7":"edl_universo-animales-super-adorables-final","9":"first","10":"instock","11":"sale","12":"virtual","13":"sold-individually","14":"purchasable","15":"product-type-simple"},"_links":{"self":[{"href":"https:\/\/www.educaludo.com\/es\/wp-json\/wp\/v2\/product\/1537","targetHints":{"allow":["GET"]}}],"collection":[{"href":"https:\/\/www.educaludo.com\/es\/wp-json\/wp\/v2\/product"}],"about":[{"href":"https:\/\/www.educaludo.com\/es\/wp-json\/wp\/v2\/types\/product"}],"replies":[{"embeddable":true,"href":"https:\/\/www.educaludo.com\/es\/wp-json\/wp\/v2\/comments?post=1537"}],"wp:featuredmedia":[{"embeddable":true,"href":"https:\/\/www.educaludo.com\/es\/wp-json\/wp\/v2\/media\/1539"}],"wp:attachment":[{"href":"https:\/\/www.educaludo.com\/es\/wp-json\/wp\/v2\/media?parent=1537"}],"wp:term":[{"taxonomy":"product_brand","embeddable":true,"href":"https:\/\/www.educaludo.com\/es\/wp-json\/wp\/v2\/product_brand?post=1537"},{"taxonomy":"product_cat","embeddable":true,"href":"https:\/\/www.educaludo.com\/es\/wp-json\/wp\/v2\/product_cat?post=1537"},{"taxonomy":"product_tag","embeddable":true,"href":"https:\/\/www.educaludo.com\/es\/wp-json\/wp\/v2\/product_tag?post=1537"}],"curies":[{"name":"wp","href":"https:\/\/api.w.org\/{rel}","templated":true}]}}